{"id":321,"date":"2020-12-04T18:21:36","date_gmt":"2020-12-04T17:21:36","guid":{"rendered":"https:\/\/primaertherapie-kiel.de\/psychotherapie\/?page_id=321"},"modified":"2021-06-07T14:19:42","modified_gmt":"2021-06-07T12:19:42","slug":"ausgangssituation-psychotherapie","status":"publish","type":"page","link":"https:\/\/primaertherapie-kiel.de\/psychotherapie\/ausgangssituation-psychotherapie\/","title":{"rendered":"Ausgangssituation vor Beginn einer Psychotherapie&#8230;"},"content":{"rendered":"\t\t<div data-elementor-type=\"wp-page\" data-elementor-id=\"321\" class=\"elementor elementor-321\" data-elementor-settings=\"[]\">\n\t\t\t\t\t\t<div class=\"elementor-inner\">\n\t\t\t\t\t\t\t<div class=\"elementor-section-wrap\">\n\t\t\t\t\t\t\t<section class=\"elementor-section elementor-top-section elementor-element elementor-element-ea2bbc7 elementor-section-boxed elementor-section-height-default elementor-section-height-default\" data-id=\"ea2bbc7\" data-element_type=\"section\">\n\t\t\t\t\t\t<div class=\"elementor-container elementor-column-gap-default\">\n\t\t\t\t\t\t\t<div class=\"elementor-row\">\n\t\t\t\t\t<div class=\"elementor-column elementor-col-100 elementor-top-column elementor-element elementor-element-37b7329\" data-id=\"37b7329\" data-element_type=\"column\">\n\t\t\t<div class=\"elementor-column-wrap elementor-element-populated\">\n\t\t\t\t\t\t\t<div class=\"elementor-widget-wrap\">\n\t\t\t\t\t\t<div class=\"elementor-element elementor-element-1f5721f elementor-widget elementor-widget-heading\" data-id=\"1f5721f\" data-element_type=\"widget\" data-widget_type=\"heading.default\">\n\t\t\t\t<div class=\"elementor-widget-container\">\n\t\t\t<h2 class=\"elementor-heading-title elementor-size-default\"><h1 style=\"margin-bottom: 0px; padding-bottom: 5px; color: rgb(6, 21, 75); font-family: Cabin, sans-serif; font-size: 1.7em; letter-spacing: normal; font-style: normal; font-variant-ligatures: normal; font-variant-caps: normal; white-space: normal; background-color: rgb(255, 255, 255);\">Die Ausgangssituation - vor Beginn einer Psychotherapie<\/h1><\/h2>\t\t<\/div>\n\t\t\t\t<\/div>\n\t\t\t\t\t\t<\/div>\n\t\t\t\t\t<\/div>\n\t\t<\/div>\n\t\t\t\t\t\t\t\t<\/div>\n\t\t\t\t\t<\/div>\n\t\t<\/section>\n\t\t\t\t<section class=\"elementor-section elementor-top-section elementor-element elementor-element-4850924 elementor-section-boxed elementor-section-height-default elementor-section-height-default\" data-id=\"4850924\" data-element_type=\"section\">\n\t\t\t\t\t\t<div class=\"elementor-container elementor-column-gap-default\">\n\t\t\t\t\t\t\t<div class=\"elementor-row\">\n\t\t\t\t\t<div class=\"elementor-column elementor-col-100 elementor-top-column elementor-element elementor-element-dd6997e\" data-id=\"dd6997e\" data-element_type=\"column\">\n\t\t\t<div class=\"elementor-column-wrap elementor-element-populated\">\n\t\t\t\t\t\t\t<div class=\"elementor-widget-wrap\">\n\t\t\t\t\t\t<section class=\"elementor-section elementor-inner-section elementor-element elementor-element-edc57af elementor-section-boxed elementor-section-height-default elementor-section-height-default\" data-id=\"edc57af\" data-element_type=\"section\">\n\t\t\t\t\t\t<div class=\"elementor-container elementor-column-gap-default\">\n\t\t\t\t\t\t\t<div class=\"elementor-row\">\n\t\t\t\t\t<div class=\"elementor-column elementor-col-33 elementor-inner-column elementor-element elementor-element-71b98c8\" data-id=\"71b98c8\" data-element_type=\"column\">\n\t\t\t<div class=\"elementor-column-wrap elementor-element-populated\">\n\t\t\t\t\t\t\t<div class=\"elementor-widget-wrap\">\n\t\t\t\t\t\t<div class=\"elementor-element elementor-element-2b4d7e3 elementor-widget elementor-widget-image\" data-id=\"2b4d7e3\" data-element_type=\"widget\" data-widget_type=\"image.default\">\n\t\t\t\t<div class=\"elementor-widget-container\">\n\t\t\t\t\t\t\t\t<div class=\"elementor-image\">\n\t\t\t\t\t\t\t\t\t\t\t\t<img src=\"https:\/\/primaertherapie-kiel.de\/psychotherapie\/wp-content\/uploads\/elementor\/thumbs\/11-or96zq3tjj76gckmkzah39zvjhde3i67qxrssqjhsg.jpg\" title=\"Psychotherapie Fabian Becker\" alt=\"Psychotherapie Fabian Becker\" \/>\t\t\t\t\t\t\t\t\t\t\t\t\t\t<\/div>\n\t\t\t\t\t\t<\/div>\n\t\t\t\t<\/div>\n\t\t\t\t\t\t<\/div>\n\t\t\t\t\t<\/div>\n\t\t<\/div>\n\t\t\t\t<div class=\"elementor-column elementor-col-66 elementor-inner-column elementor-element elementor-element-4163d1b\" data-id=\"4163d1b\" data-element_type=\"column\">\n\t\t\t<div class=\"elementor-column-wrap elementor-element-populated\">\n\t\t\t\t\t\t\t<div class=\"elementor-widget-wrap\">\n\t\t\t\t\t\t<div class=\"elementor-element elementor-element-16e366a elementor-widget elementor-widget-text-editor\" data-id=\"16e366a\" data-element_type=\"widget\" data-widget_type=\"text-editor.default\">\n\t\t\t\t<div class=\"elementor-widget-container\">\n\t\t\t\t\t\t\t\t<div class=\"elementor-text-editor elementor-clearfix\">\n\t\t\t\t<p>In die Praxis f\u00fcr Prim\u00e4rtherapie kommen die verschiedensten Menschen aus den unterschiedlichsten Anl\u00e4ssen und Lebenssituationen. Ausgangspunkt f\u00fcr den Beginn der gemeinsamen Arbeit \/ Therapie k\u00f6nnen sein: Lebenskrisen und Konflikte im Zusammenhang mit dem Beziehungsleben (Beziehungsschwierigkeiten \/ Trennungen), Schwierigkeiten im Berufsleben, der Herkunftsfamilie, aber auch psychische Schwierigkeiten und Symptome wie \u00c4ngste (Panik), Sorgen, Depression, Zw\u00e4nge, Selbstwertproblematik, soziale \u00c4ngste, Stress, eingefahrene Denk-, Gef\u00fchls,- und Verhaltensmuster. Auch psychosomatische Beschwerden, Traumatisierung, das Gef\u00fchl die Vergangenheit nicht hinter sich lassen zu k\u00f6nnen, veranlassen Menschen mit der Therapie in der Praxis anzufangen&#8230; Manchen bereitet es Schwierigkeiten sich bei mir in der Praxis zu melden bzw. mit der Therapie anzufangen, weil sie unterschiedliche Ideen anh\u00e4ngen, welchen dem Beginn einer Therapie im Wege stehen. Beispielsweise h\u00e4ngen manche dem Gedanken an ihr \u201eProblem\u201c w\u00e4re nicht schwerwiegend genug um Unterst\u00fctzung in Anspruch zu nehmen \u2013 oder sie glauben, sie sollten ihre Probleme ohne Hilfe l\u00f6sen und es unabh\u00e4ngig von andern schaffen (\u00dcberlegen sie einmal wie viele Menschen es ihnen erm\u00f6glicht haben das sie Auto fahren k\u00f6nnen, auch wenn sie denken, sie sind es ja ganz allein im Auto, oder wie viele Menschen daran gearbeitet haben, dass Sie jetzt diese Webseite lesen k\u00f6nnen&#8230;\u200b<\/p>\t\t\t\t\t<\/div>\n\t\t\t\t\t\t<\/div>\n\t\t\t\t<\/div>\n\t\t\t\t\t\t<\/div>\n\t\t\t\t\t<\/div>\n\t\t<\/div>\n\t\t\t\t\t\t\t\t<\/div>\n\t\t\t\t\t<\/div>\n\t\t<\/section>\n\t\t\t\t<section class=\"elementor-section elementor-inner-section elementor-element elementor-element-96868ff elementor-section-boxed elementor-section-height-default elementor-section-height-default\" data-id=\"96868ff\" data-element_type=\"section\">\n\t\t\t\t\t\t<div class=\"elementor-container elementor-column-gap-default\">\n\t\t\t\t\t\t\t<div class=\"elementor-row\">\n\t\t\t\t\t<div class=\"elementor-column elementor-col-66 elementor-inner-column elementor-element elementor-element-e4d7bca\" data-id=\"e4d7bca\" data-element_type=\"column\">\n\t\t\t<div class=\"elementor-column-wrap elementor-element-populated\">\n\t\t\t\t\t\t\t<div class=\"elementor-widget-wrap\">\n\t\t\t\t\t\t<div class=\"elementor-element elementor-element-38c69fd elementor-widget elementor-widget-text-editor\" data-id=\"38c69fd\" data-element_type=\"widget\" data-widget_type=\"text-editor.default\">\n\t\t\t\t<div class=\"elementor-widget-container\">\n\t\t\t\t\t\t\t\t<div class=\"elementor-text-editor elementor-clearfix\">\n\t\t\t\t<p>die Unabh\u00e4ngikeit ist letztlich eine Illusion ), oder es gibt Themen, welche mit Scham besetzt sind , oder es ist eine Angst vor Kontrollverlust , weil es ja nicht klar zu sehen ist, was durch die Therapie vielleicht ausgel\u00f6st werden kann. Solche Gedanken \/ Ideen \/ Glaubenss\u00e4tze stellen oft eine erste H\u00fcrde dar , eine Barriere auf dem Weg sich Hilfe zu holen. \u00dcberschreiten Sie diese Grenzen, machen Sie sich auf dem Weg, es wird sehr interessant werden und Sie werden Unterst\u00fctzung finden\u2026 Kommen Sie zun\u00e4chst zu einem Orientierungsgespr\u00e4ch um \u00fcber ihr Anliegen zu sprechen&#8230; <br \/>Es geht um mehr als das Lindern von Symptomen oder Bew\u00e4ltigen von \u00c4ngsten\u2026 Die Praxis und Ihr Angebot ist als ein Ort \/ Raum f\u00fcr emotionale und geistige Weiterentwicklung und Wachstum zu verstehen. Die Weiterentwicklung unserer Pers\u00f6nlichkeit, unserer F\u00e4higkeiten im Umgang mit anderen Menschen und uns Selbst, das Erreichen einer neuen Lebensqualit\u00e4t und eines anderen \u201eLevels\u201c im Erleben ist etwas, was jeder Mensch verfolgen kann und im inneren vielleicht auch tut. Dieses streben besteht nat\u00fcrlicherweise auch unabh\u00e4ngig von der Frage nach dem \u201eKrankheitswert\u201c der jeweiligen Schwierigkeiten. Die Frage \u201ebin ich krank genug !?\u201c braucht sich eigentlich niemand stellen \u2013 vielleicht sind die Fragen:&#8220; k\u00f6nnte mir Unterst\u00fctzung gerade guttun, m\u00f6chte ich das sich in meinem Leben etwas grundlegend verbessert ?&#8220; die sinnvolleren Fragen\u2026\u200b<\/p>\t\t\t\t\t<\/div>\n\t\t\t\t\t\t<\/div>\n\t\t\t\t<\/div>\n\t\t\t\t\t\t<\/div>\n\t\t\t\t\t<\/div>\n\t\t<\/div>\n\t\t\t\t<div class=\"elementor-column elementor-col-33 elementor-inner-column elementor-element elementor-element-6eda943\" data-id=\"6eda943\" data-element_type=\"column\">\n\t\t\t<div class=\"elementor-column-wrap elementor-element-populated\">\n\t\t\t\t\t\t\t<div class=\"elementor-widget-wrap\">\n\t\t\t\t\t\t<div class=\"elementor-element elementor-element-72c2178 elementor-widget elementor-widget-heading\" data-id=\"72c2178\" data-element_type=\"widget\" data-widget_type=\"heading.default\">\n\t\t\t\t<div class=\"elementor-widget-container\">\n\t\t\t<h2 class=\"elementor-heading-title elementor-size-default\">Raum f\u00fcr Gef\u00fchle... <\/h2>\t\t<\/div>\n\t\t\t\t<\/div>\n\t\t\t\t<div class=\"elementor-element elementor-element-1d60e57 elementor-widget elementor-widget-heading\" data-id=\"1d60e57\" data-element_type=\"widget\" data-widget_type=\"heading.default\">\n\t\t\t\t<div class=\"elementor-widget-container\">\n\t\t\t<p class=\"elementor-heading-title elementor-size-default\"> Raum f\u00fcr Gef\u00fchle\nKlientenstimme: Sowohl Einzel als auch die Gruppentherapie sind sehr effektiv und helfen einem, wenn man Vergangenes verarbeiten oder sein Leben \u00e4ndern m\u00f6chte. Eine Therapieform, die nicht nur an der Oberfl\u00e4che kratzt, sondern in die Tiefe geht und nachhaltig hilft.<\/p>\t\t<\/div>\n\t\t\t\t<\/div>\n\t\t\t\t\t\t<\/div>\n\t\t\t\t\t<\/div>\n\t\t<\/div>\n\t\t\t\t\t\t\t\t<\/div>\n\t\t\t\t\t<\/div>\n\t\t<\/section>\n\t\t\t\t\t\t<\/div>\n\t\t\t\t\t<\/div>\n\t\t<\/div>\n\t\t\t\t\t\t\t\t<\/div>\n\t\t\t\t\t<\/div>\n\t\t<\/section>\n\t\t\t\t\t\t<\/div>\n\t\t\t\t\t\t<\/div>\n\t\t\t\t\t<\/div>\n\t\t","protected":false},"excerpt":{"rendered":"<p>Die Ausgangssituation &#8211; vor Beginn einer Psychotherapie In die Praxis f\u00fcr Prim\u00e4rtherapie kommen die verschiedensten Menschen aus den unterschiedlichsten Anl\u00e4ssen und Lebenssituationen. Ausgangspunkt f\u00fcr den Beginn der gemeinsamen Arbeit \/ Therapie k\u00f6nnen sein: Lebenskrisen und Konflikte im Zusammenhang mit dem Beziehungsleben (Beziehungsschwierigkeiten \/ Trennungen), Schwierigkeiten im Berufsleben, der Herkunftsfamilie, aber auch psychische Schwierigkeiten und Symptome [&hellip;]<\/p>\n","protected":false},"author":2,"featured_media":0,"parent":0,"menu_order":0,"comment_status":"closed","ping_status":"closed","template":"","meta":[],"yoast_head":"<!-- This site is optimized with the Yoast SEO plugin v17.5 - https:\/\/yoast.com\/wordpress\/plugins\/seo\/ -->\n<title>Ausgangssituation vor Beginn einer Psychotherapie... - Psychotherapie Kiel<\/title>\n<meta name=\"robots\" content=\"index, follow, max-snippet:-1, max-image-preview:large, max-video-preview:-1\" \/>\n<link rel=\"canonical\" href=\"https:\/\/primaertherapie-kiel.de\/psychotherapie\/ausgangssituation-psychotherapie\/\" \/>\n<meta property=\"og:locale\" content=\"de_DE\" \/>\n<meta property=\"og:type\" content=\"article\" \/>\n<meta property=\"og:title\" content=\"Ausgangssituation vor Beginn einer Psychotherapie... - Psychotherapie Kiel\" \/>\n<meta property=\"og:description\" content=\"Die Ausgangssituation &#8211; vor Beginn einer Psychotherapie In die Praxis f\u00fcr Prim\u00e4rtherapie kommen die verschiedensten Menschen aus den unterschiedlichsten Anl\u00e4ssen und Lebenssituationen. Ausgangspunkt f\u00fcr den Beginn der gemeinsamen Arbeit \/ Therapie k\u00f6nnen sein: Lebenskrisen und Konflikte im Zusammenhang mit dem Beziehungsleben (Beziehungsschwierigkeiten \/ Trennungen), Schwierigkeiten im Berufsleben, der Herkunftsfamilie, aber auch psychische Schwierigkeiten und Symptome [&hellip;]\" \/>\n<meta property=\"og:url\" content=\"https:\/\/primaertherapie-kiel.de\/psychotherapie\/ausgangssituation-psychotherapie\/\" \/>\n<meta property=\"og:site_name\" content=\"Psychotherapie Kiel\" \/>\n<meta property=\"article:modified_time\" content=\"2021-06-07T12:19:42+00:00\" \/>\n<meta property=\"og:image\" content=\"https:\/\/primaertherapie-kiel.de\/psychotherapie\/wp-content\/uploads\/elementor\/thumbs\/11-or96zq3tjj76gckmkzah39zvjhde3i67qxrssqjhsg.jpg\" \/>\n<meta name=\"twitter:card\" content=\"summary_large_image\" \/>\n<meta name=\"twitter:label1\" content=\"Gesch\u00e4tzte Lesezeit\" \/>\n\t<meta name=\"twitter:data1\" content=\"3\u00a0Minuten\" \/>\n<script type=\"application\/ld+json\" class=\"yoast-schema-graph\">{\"@context\":\"https:\/\/schema.org\",\"@graph\":[{\"@type\":\"WebSite\",\"@id\":\"https:\/\/primaertherapie-kiel.de\/psychotherapie\/#website\",\"url\":\"https:\/\/primaertherapie-kiel.de\/psychotherapie\/\",\"name\":\"Psychotherapie Kiel\",\"description\":\"Fabian Becker (HP-Psych , Dipl.Soz.P\\u00e4d)\",\"potentialAction\":[{\"@type\":\"SearchAction\",\"target\":{\"@type\":\"EntryPoint\",\"urlTemplate\":\"https:\/\/primaertherapie-kiel.de\/psychotherapie\/?s={search_term_string}\"},\"query-input\":\"required name=search_term_string\"}],\"inLanguage\":\"de\"},{\"@type\":\"ImageObject\",\"@id\":\"https:\/\/primaertherapie-kiel.de\/psychotherapie\/ausgangssituation-psychotherapie\/#primaryimage\",\"inLanguage\":\"de\",\"url\":\"https:\/\/primaertherapie-kiel.de\/psychotherapie\/wp-content\/uploads\/elementor\/thumbs\/11-or96zq3tjj76gckmkzah39zvjhde3i67qxrssqjhsg.jpg\",\"contentUrl\":\"https:\/\/primaertherapie-kiel.de\/psychotherapie\/wp-content\/uploads\/elementor\/thumbs\/11-or96zq3tjj76gckmkzah39zvjhde3i67qxrssqjhsg.jpg\"},{\"@type\":\"WebPage\",\"@id\":\"https:\/\/primaertherapie-kiel.de\/psychotherapie\/ausgangssituation-psychotherapie\/#webpage\",\"url\":\"https:\/\/primaertherapie-kiel.de\/psychotherapie\/ausgangssituation-psychotherapie\/\",\"name\":\"Ausgangssituation vor Beginn einer Psychotherapie... - Psychotherapie Kiel\",\"isPartOf\":{\"@id\":\"https:\/\/primaertherapie-kiel.de\/psychotherapie\/#website\"},\"primaryImageOfPage\":{\"@id\":\"https:\/\/primaertherapie-kiel.de\/psychotherapie\/ausgangssituation-psychotherapie\/#primaryimage\"},\"datePublished\":\"2020-12-04T17:21:36+00:00\",\"dateModified\":\"2021-06-07T12:19:42+00:00\",\"breadcrumb\":{\"@id\":\"https:\/\/primaertherapie-kiel.de\/psychotherapie\/ausgangssituation-psychotherapie\/#breadcrumb\"},\"inLanguage\":\"de\",\"potentialAction\":[{\"@type\":\"ReadAction\",\"target\":[\"https:\/\/primaertherapie-kiel.de\/psychotherapie\/ausgangssituation-psychotherapie\/\"]}]},{\"@type\":\"BreadcrumbList\",\"@id\":\"https:\/\/primaertherapie-kiel.de\/psychotherapie\/ausgangssituation-psychotherapie\/#breadcrumb\",\"itemListElement\":[{\"@type\":\"ListItem\",\"position\":1,\"name\":\"Startseite\",\"item\":\"https:\/\/primaertherapie-kiel.de\/psychotherapie\/\"},{\"@type\":\"ListItem\",\"position\":2,\"name\":\"Ausgangssituation vor Beginn einer Psychotherapie&#8230;\"}]}]}<\/script>\n<!-- \/ Yoast SEO plugin. -->","yoast_head_json":{"title":"Ausgangssituation vor Beginn einer Psychotherapie... - Psychotherapie Kiel","robots":{"index":"index","follow":"follow","max-snippet":"max-snippet:-1","max-image-preview":"max-image-preview:large","max-video-preview":"max-video-preview:-1"},"canonical":"https:\/\/primaertherapie-kiel.de\/psychotherapie\/ausgangssituation-psychotherapie\/","og_locale":"de_DE","og_type":"article","og_title":"Ausgangssituation vor Beginn einer Psychotherapie... - Psychotherapie Kiel","og_description":"Die Ausgangssituation &#8211; vor Beginn einer Psychotherapie In die Praxis f\u00fcr Prim\u00e4rtherapie kommen die verschiedensten Menschen aus den unterschiedlichsten Anl\u00e4ssen und Lebenssituationen. Ausgangspunkt f\u00fcr den Beginn der gemeinsamen Arbeit \/ Therapie k\u00f6nnen sein: Lebenskrisen und Konflikte im Zusammenhang mit dem Beziehungsleben (Beziehungsschwierigkeiten \/ Trennungen), Schwierigkeiten im Berufsleben, der Herkunftsfamilie, aber auch psychische Schwierigkeiten und Symptome [&hellip;]","og_url":"https:\/\/primaertherapie-kiel.de\/psychotherapie\/ausgangssituation-psychotherapie\/","og_site_name":"Psychotherapie Kiel","article_modified_time":"2021-06-07T12:19:42+00:00","og_image":[{"url":"https:\/\/primaertherapie-kiel.de\/psychotherapie\/wp-content\/uploads\/elementor\/thumbs\/11-or96zq3tjj76gckmkzah39zvjhde3i67qxrssqjhsg.jpg"}],"twitter_card":"summary_large_image","twitter_misc":{"Gesch\u00e4tzte Lesezeit":"3\u00a0Minuten"},"schema":{"@context":"https:\/\/schema.org","@graph":[{"@type":"WebSite","@id":"https:\/\/primaertherapie-kiel.de\/psychotherapie\/#website","url":"https:\/\/primaertherapie-kiel.de\/psychotherapie\/","name":"Psychotherapie Kiel","description":"Fabian Becker (HP-Psych , Dipl.Soz.P\u00e4d)","potentialAction":[{"@type":"SearchAction","target":{"@type":"EntryPoint","urlTemplate":"https:\/\/primaertherapie-kiel.de\/psychotherapie\/?s={search_term_string}"},"query-input":"required name=search_term_string"}],"inLanguage":"de"},{"@type":"ImageObject","@id":"https:\/\/primaertherapie-kiel.de\/psychotherapie\/ausgangssituation-psychotherapie\/#primaryimage","inLanguage":"de","url":"https:\/\/primaertherapie-kiel.de\/psychotherapie\/wp-content\/uploads\/elementor\/thumbs\/11-or96zq3tjj76gckmkzah39zvjhde3i67qxrssqjhsg.jpg","contentUrl":"https:\/\/primaertherapie-kiel.de\/psychotherapie\/wp-content\/uploads\/elementor\/thumbs\/11-or96zq3tjj76gckmkzah39zvjhde3i67qxrssqjhsg.jpg"},{"@type":"WebPage","@id":"https:\/\/primaertherapie-kiel.de\/psychotherapie\/ausgangssituation-psychotherapie\/#webpage","url":"https:\/\/primaertherapie-kiel.de\/psychotherapie\/ausgangssituation-psychotherapie\/","name":"Ausgangssituation vor Beginn einer Psychotherapie... - Psychotherapie Kiel","isPartOf":{"@id":"https:\/\/primaertherapie-kiel.de\/psychotherapie\/#website"},"primaryImageOfPage":{"@id":"https:\/\/primaertherapie-kiel.de\/psychotherapie\/ausgangssituation-psychotherapie\/#primaryimage"},"datePublished":"2020-12-04T17:21:36+00:00","dateModified":"2021-06-07T12:19:42+00:00","breadcrumb":{"@id":"https:\/\/primaertherapie-kiel.de\/psychotherapie\/ausgangssituation-psychotherapie\/#breadcrumb"},"inLanguage":"de","potentialAction":[{"@type":"ReadAction","target":["https:\/\/primaertherapie-kiel.de\/psychotherapie\/ausgangssituation-psychotherapie\/"]}]},{"@type":"BreadcrumbList","@id":"https:\/\/primaertherapie-kiel.de\/psychotherapie\/ausgangssituation-psychotherapie\/#breadcrumb","itemListElement":[{"@type":"ListItem","position":1,"name":"Startseite","item":"https:\/\/primaertherapie-kiel.de\/psychotherapie\/"},{"@type":"ListItem","position":2,"name":"Ausgangssituation vor Beginn einer Psychotherapie&#8230;"}]}]}},"_links":{"self":[{"href":"https:\/\/primaertherapie-kiel.de\/psychotherapie\/wp-json\/wp\/v2\/pages\/321"}],"collection":[{"href":"https:\/\/primaertherapie-kiel.de\/psychotherapie\/wp-json\/wp\/v2\/pages"}],"about":[{"href":"https:\/\/primaertherapie-kiel.de\/psychotherapie\/wp-json\/wp\/v2\/types\/page"}],"author":[{"embeddable":true,"href":"https:\/\/primaertherapie-kiel.de\/psychotherapie\/wp-json\/wp\/v2\/users\/2"}],"replies":[{"embeddable":true,"href":"https:\/\/primaertherapie-kiel.de\/psychotherapie\/wp-json\/wp\/v2\/comments?post=321"}],"version-history":[{"count":10,"href":"https:\/\/primaertherapie-kiel.de\/psychotherapie\/wp-json\/wp\/v2\/pages\/321\/revisions"}],"predecessor-version":[{"id":521,"href":"https:\/\/primaertherapie-kiel.de\/psychotherapie\/wp-json\/wp\/v2\/pages\/321\/revisions\/521"}],"wp:attachment":[{"href":"https:\/\/primaertherapie-kiel.de\/psychotherapie\/wp-json\/wp\/v2\/media?parent=321"}],"curies":[{"name":"wp","href":"https:\/\/api.w.org\/{rel}","templated":true}]}}