{"id":124,"date":"2020-06-19T20:50:51","date_gmt":"2020-06-19T18:50:51","guid":{"rendered":"https:\/\/primaertherapie-kiel.de\/psychotherapie\/?page_id=124"},"modified":"2020-07-01T19:16:45","modified_gmt":"2020-07-01T17:16:45","slug":"impressum","status":"publish","type":"page","link":"https:\/\/primaertherapie-kiel.de\/psychotherapie\/impressum\/","title":{"rendered":"Impressum"},"content":{"rendered":"\t\t<div data-elementor-type=\"wp-page\" data-elementor-id=\"124\" class=\"elementor elementor-124\" data-elementor-settings=\"[]\">\n\t\t\t\t\t\t<div class=\"elementor-inner\">\n\t\t\t\t\t\t\t<div class=\"elementor-section-wrap\">\n\t\t\t\t\t\t\t<section class=\"elementor-section elementor-top-section elementor-element elementor-element-59cce12 elementor-section-boxed elementor-section-height-default elementor-section-height-default\" data-id=\"59cce12\" data-element_type=\"section\" data-settings=\"{&quot;background_background&quot;:&quot;classic&quot;}\">\n\t\t\t\t\t\t<div class=\"elementor-container elementor-column-gap-default\">\n\t\t\t\t\t\t\t<div class=\"elementor-row\">\n\t\t\t\t\t<div class=\"elementor-column elementor-col-100 elementor-top-column elementor-element elementor-element-765263b1\" data-id=\"765263b1\" data-element_type=\"column\">\n\t\t\t<div class=\"elementor-column-wrap elementor-element-populated\">\n\t\t\t\t\t\t\t<div class=\"elementor-widget-wrap\">\n\t\t\t\t\t\t<div class=\"elementor-element elementor-element-7d5162a elementor-widget elementor-widget-text-editor\" data-id=\"7d5162a\" data-element_type=\"widget\" data-widget_type=\"text-editor.default\">\n\t\t\t\t<div class=\"elementor-widget-container\">\n\t\t\t\t\t\t\t\t<div class=\"elementor-text-editor elementor-clearfix\">\n\t\t\t\t<h5>Betreiber der Internetpr\u00e4senz und verantwortlich f\u00fcr den Inhalt:<\/h5><article><div id=\"erfahrung1\"><h4>Praxis f\u00fcr Prim\u00e4rtherapie &#8211; Fabian Becker <br \/>( Heilpraktiker f\u00fcr Psychotherapie nach HPG, Dipl-Soz.P\u00e4d)<\/h4><p>Lornsenstra\u00dfe 41<br \/>24105 Kiel <br \/>Tel. 0431\/ 2209934 <br \/>E-Mail: info@primaertherapie-kiel.de<\/p><p>Berufsbezeichnung: Die Berufsbezeichnung lautet Heilpraktiker (Deutschland) Berufsrechtliche Regelung Heilpraktikergesetz \u201eGesetz \u00fcber die berufsm\u00e4ssige Aus\u00fcbung der Heilkunde ohne Bestallung\u201c vom 17.02.1939,ge\u00e4ndert durch Art.53 des EGStGB vom 02.03.1974 (BGB1. I S.469). Die berufsrechtliche Regelung kann unter www.gesetze-im-internet.de und dort unter Stichwort\/Titelsuche \u201eHeilpraktikergesetz\u201c eingesehen werden.<\/p><p>Zust\u00e4ndige Aufsichtsbeh\u00f6rde: Gesundheitsamt L\u00fcneburg, Am Graalwall 4 21335 L\u00fcneburg<\/p><p>Mitgliedschaft: Im Verband Freier Heilpraktiker e.V. Initiative 2002 .<\/p><p><strong>Haftungsausschluss<\/strong> <br \/>Diese Internetpr\u00e4senz dient ausschlie\u00dflich der allgemeinen Information. Sie kann und will keine gesundheitliche Beratung oder Behandlung ersetzen, da diese individuell und nach ausf\u00fchrlicher Untersuchung erfolgen m\u00fcssen. Sie dient auch nicht als Grundlage zur Eigentherapie und r\u00e4t ausdr\u00fccklich davon ab. Die Inhalte der Internetpr\u00e4senz wurden von uns sorgf\u00e4ltig zusammengestellt und gepr\u00fcft, dennoch k\u00f6nnen wir keine Gew\u00e4hr auf Aktualit\u00e4t und Vollst\u00e4ndigkeit geben. F\u00fcr Links zu externen Seiten, die sich in einem neuen Fenster \u00f6ffnen, ist der jeweilige Seitenbetreiber verantwortlich. Wir \u00fcbernehmen keine Haftung f\u00fcr deren Datenschutzerkl\u00e4rung Wir erheben, verarbeiten und nutzen Ihre Daten nur im Rahmen der gesetzlichen Bestimmungen. Diese Datenschutzerkl\u00e4rung gilt ausschlie\u00dflich f\u00fcr die Nutzung der von uns angegebenen Webseiten. Sie gilt nicht f\u00fcr die Webseiten anderer Diensteanbieter, auf die wir lediglich durch einen Link verweisen. Bei der Nutzung unserer Webseiten bleiben Sie anonym, solange Sie uns nicht von sich aus freiwillig personenbezogene Daten zur Verf\u00fcgung stellen. Personenbezogene Daten werden nur dann erhoben, wenn dies f\u00fcr die Nutzung der auf der Webseite angebotenen Leistung, insbesondere Formularangebote, erforderlich ist. Wir werden die von Ihnen zur Verf\u00fcgung gestellten Daten streng vertraulich behandeln. Ohne Ihre ausdr\u00fcckliche Einwilligung geben wir keine pers\u00f6nlichen Daten weiter, es sei denn, dass wir rechtlich dazu verpflichtet sind. Wir weisen jedoch darauf hin, dass es bei der \u00dcbermittlung von Daten im Internet immer dazu kommen kann, dass Dritte Ihre Daten zur Kenntnis nehmen oder verf\u00e4lschen. Sofern Sie es von uns verlangen, gew\u00e4hren wir Ihnen Einblick in die \u00fcber Sie gespeicherten Daten beziehungsweise l\u00f6schen diese. Wenn Sie diese Daten berichtigen, l\u00f6schen oder einsehen wollen, gen\u00fcgt hierf\u00fcr ein Schreiben an die im Impressum angegebene Adresse.<\/p><p><strong>Bilder Quellennachweis:<\/strong><\/p><p>index.html (Startseite):<br \/>Fotolia:<br \/>116505308 &#8211;\u00a0Virtual Stained Glass \u00a9 agsandrew<br \/>102703854 &#8211;\u00a0Elegance of Division \u00a9 agsandrew<br \/>111274871 &#8211;\u00a0Metaphorical Perception \u00a9 agsandrew<br \/>118932189 &#8211;\u00a0Stained Glass &#8211; Apparition of Virgin Mary in Fatima \u00a9 jorisvo<\/p><p>photocase.de:<br \/>Quellenangabe: Sensay \/ photocase.de<br \/>Quellenangabe: Sensay \/ photocase.de<\/p><p>situation.htm<br \/>Fotolia:<br \/>102103370 &#8211;\u00a0Petals of Division \u00a9 agsandrew<br \/>76696792 &#8211;\u00a0Synergies of Inner Paint \u00a9 agsandrew<\/p><p>photocase.de:<br \/>Quellenangabe: yve.kellylive \/ photocase.de<\/p><p>prozess.htm<br \/>Fotolia.de:<br \/>118932189 &#8211;\u00a0Stained Glass &#8211; Apparition of Virgin Mary in Fatima \u00a9 jorisvo<br \/>127049001 &#8211;\u00a0Stained glass detail. \u00a9 capic<br \/>129605346 &#8211;\u00a0Stained glass detail. \u00a9 capic<\/p><p><b>methode.htm<\/b><br \/>photocase.de:<br \/>Quellenangabe: yve.kellylive \/ photocase.de<br \/>Quellenangabe: Lia* \/ photocase.de<\/p><p>therapeut.htm<br \/>photocase.de<br \/>Quellenangabe: michaelheld \/ photocase.de<\/p><p>psychotherapie-erfahrungsberichte-kiel.htm<br \/>photocase.de:<br \/>Quellenangabe: michaelheld \/ photocase.de<\/p><p><b>psychotherapieprogramm.htm<\/b><br \/>photocase.de:<br \/>Quellenangabe: Vapi \/ photocase.de<\/p><p><b>psychotherapie.htm<\/b><br \/>photocase.de:<br \/>Quellenangabe: Gerhard1302 \/ photocase.de<\/p><p>paartherapie.htm<br \/>photocase.de:<br \/>Quellenangabe: David-W- \/ photocase.de<br \/>Quellenangabe: fanny18 \/ photocase.de<br \/>Quellenangabe: Trudy Obscure \/ photocase.de<br \/>Quellenangabe: dtaeubert \/ photocase.de<br \/>Quellenangabe: Piso \/ photocase.de<\/p><p>&gt;&gt;&gt;&gt;&gt;&gt;&gt; <b>heilpraktiker-psychotherapie-<\/b>pruefungsvorbereitung.html<br \/>photocase.de:<br \/>Quellenangabe: Sensay \/ photocase.de<\/p><p>coaching-supervision.html<br \/>photocase.de:<br \/>Quellenangabe: Sensay \/ photocase.de<\/p><p>skype-psychotherapie.html<br \/>photocase.de:<br \/>Quellenangabe: calmate \/ photocase.de<\/p><p>kontakt.html<br \/>photocase.de:<br \/>Quellenangabe: Holmqvist \/ photocase.de<br \/>Quellenangabe: Osawa \/ photocase.de<\/p><p>selbsterfahrung.htm<br \/>photocase.de:<br \/>Quellenangabe: gintaras \/ photocase.de<\/p><\/div><\/article>\t\t\t\t\t<\/div>\n\t\t\t\t\t\t<\/div>\n\t\t\t\t<\/div>\n\t\t\t\t\t\t<\/div>\n\t\t\t\t\t<\/div>\n\t\t<\/div>\n\t\t\t\t\t\t\t\t<\/div>\n\t\t\t\t\t<\/div>\n\t\t<\/section>\n\t\t\t\t\t\t<\/div>\n\t\t\t\t\t\t<\/div>\n\t\t\t\t\t<\/div>\n\t\t","protected":false},"excerpt":{"rendered":"<p>Betreiber der Internetpr\u00e4senz und verantwortlich f\u00fcr den Inhalt: Praxis f\u00fcr Prim\u00e4rtherapie &#8211; Fabian Becker ( Heilpraktiker f\u00fcr Psychotherapie nach HPG, Dipl-Soz.P\u00e4d) Lornsenstra\u00dfe 4124105 Kiel Tel. 0431\/ 2209934 E-Mail: info@primaertherapie-kiel.de Berufsbezeichnung: Die Berufsbezeichnung lautet Heilpraktiker (Deutschland) Berufsrechtliche Regelung Heilpraktikergesetz \u201eGesetz \u00fcber die berufsm\u00e4ssige Aus\u00fcbung der Heilkunde ohne Bestallung\u201c vom 17.02.1939,ge\u00e4ndert durch Art.53 des EGStGB vom 02.03.1974 [&hellip;]<\/p>\n","protected":false},"author":1,"featured_media":0,"parent":0,"menu_order":0,"comment_status":"closed","ping_status":"open","template":"","meta":[],"yoast_head":"<!-- This site is optimized with the Yoast SEO plugin v17.5 - https:\/\/yoast.com\/wordpress\/plugins\/seo\/ -->\n<title>Impressum - Psychotherapie Kiel<\/title>\n<meta name=\"robots\" content=\"index, follow, max-snippet:-1, max-image-preview:large, max-video-preview:-1\" \/>\n<link rel=\"canonical\" href=\"https:\/\/primaertherapie-kiel.de\/psychotherapie\/impressum\/\" \/>\n<meta property=\"og:locale\" content=\"de_DE\" \/>\n<meta property=\"og:type\" content=\"article\" \/>\n<meta property=\"og:title\" content=\"Impressum - Psychotherapie Kiel\" \/>\n<meta property=\"og:description\" content=\"Betreiber der Internetpr\u00e4senz und verantwortlich f\u00fcr den Inhalt: Praxis f\u00fcr Prim\u00e4rtherapie &#8211; Fabian Becker ( Heilpraktiker f\u00fcr Psychotherapie nach HPG, Dipl-Soz.P\u00e4d) Lornsenstra\u00dfe 4124105 Kiel Tel. 0431\/ 2209934 E-Mail: info@primaertherapie-kiel.de Berufsbezeichnung: Die Berufsbezeichnung lautet Heilpraktiker (Deutschland) Berufsrechtliche Regelung Heilpraktikergesetz \u201eGesetz \u00fcber die berufsm\u00e4ssige Aus\u00fcbung der Heilkunde ohne Bestallung\u201c vom 17.02.1939,ge\u00e4ndert durch Art.53 des EGStGB vom 02.03.1974 [&hellip;]\" \/>\n<meta property=\"og:url\" content=\"https:\/\/primaertherapie-kiel.de\/psychotherapie\/impressum\/\" \/>\n<meta property=\"og:site_name\" content=\"Psychotherapie Kiel\" \/>\n<meta property=\"article:modified_time\" content=\"2020-07-01T17:16:45+00:00\" \/>\n<meta name=\"twitter:card\" content=\"summary_large_image\" \/>\n<meta name=\"twitter:label1\" content=\"Gesch\u00e4tzte Lesezeit\" \/>\n\t<meta name=\"twitter:data1\" content=\"3\u00a0Minuten\" \/>\n<script type=\"application\/ld+json\" class=\"yoast-schema-graph\">{\"@context\":\"https:\/\/schema.org\",\"@graph\":[{\"@type\":\"WebSite\",\"@id\":\"https:\/\/primaertherapie-kiel.de\/psychotherapie\/#website\",\"url\":\"https:\/\/primaertherapie-kiel.de\/psychotherapie\/\",\"name\":\"Psychotherapie Kiel\",\"description\":\"Fabian Becker (HP-Psych , Dipl.Soz.P\\u00e4d)\",\"potentialAction\":[{\"@type\":\"SearchAction\",\"target\":{\"@type\":\"EntryPoint\",\"urlTemplate\":\"https:\/\/primaertherapie-kiel.de\/psychotherapie\/?s={search_term_string}\"},\"query-input\":\"required name=search_term_string\"}],\"inLanguage\":\"de\"},{\"@type\":\"WebPage\",\"@id\":\"https:\/\/primaertherapie-kiel.de\/psychotherapie\/impressum\/#webpage\",\"url\":\"https:\/\/primaertherapie-kiel.de\/psychotherapie\/impressum\/\",\"name\":\"Impressum - Psychotherapie Kiel\",\"isPartOf\":{\"@id\":\"https:\/\/primaertherapie-kiel.de\/psychotherapie\/#website\"},\"datePublished\":\"2020-06-19T18:50:51+00:00\",\"dateModified\":\"2020-07-01T17:16:45+00:00\",\"breadcrumb\":{\"@id\":\"https:\/\/primaertherapie-kiel.de\/psychotherapie\/impressum\/#breadcrumb\"},\"inLanguage\":\"de\",\"potentialAction\":[{\"@type\":\"ReadAction\",\"target\":[\"https:\/\/primaertherapie-kiel.de\/psychotherapie\/impressum\/\"]}]},{\"@type\":\"BreadcrumbList\",\"@id\":\"https:\/\/primaertherapie-kiel.de\/psychotherapie\/impressum\/#breadcrumb\",\"itemListElement\":[{\"@type\":\"ListItem\",\"position\":1,\"name\":\"Startseite\",\"item\":\"https:\/\/primaertherapie-kiel.de\/psychotherapie\/\"},{\"@type\":\"ListItem\",\"position\":2,\"name\":\"Impressum\"}]}]}<\/script>\n<!-- \/ Yoast SEO plugin. -->","yoast_head_json":{"title":"Impressum - Psychotherapie Kiel","robots":{"index":"index","follow":"follow","max-snippet":"max-snippet:-1","max-image-preview":"max-image-preview:large","max-video-preview":"max-video-preview:-1"},"canonical":"https:\/\/primaertherapie-kiel.de\/psychotherapie\/impressum\/","og_locale":"de_DE","og_type":"article","og_title":"Impressum - Psychotherapie Kiel","og_description":"Betreiber der Internetpr\u00e4senz und verantwortlich f\u00fcr den Inhalt: Praxis f\u00fcr Prim\u00e4rtherapie &#8211; Fabian Becker ( Heilpraktiker f\u00fcr Psychotherapie nach HPG, Dipl-Soz.P\u00e4d) Lornsenstra\u00dfe 4124105 Kiel Tel. 0431\/ 2209934 E-Mail: info@primaertherapie-kiel.de Berufsbezeichnung: Die Berufsbezeichnung lautet Heilpraktiker (Deutschland) Berufsrechtliche Regelung Heilpraktikergesetz \u201eGesetz \u00fcber die berufsm\u00e4ssige Aus\u00fcbung der Heilkunde ohne Bestallung\u201c vom 17.02.1939,ge\u00e4ndert durch Art.53 des EGStGB vom 02.03.1974 [&hellip;]","og_url":"https:\/\/primaertherapie-kiel.de\/psychotherapie\/impressum\/","og_site_name":"Psychotherapie Kiel","article_modified_time":"2020-07-01T17:16:45+00:00","twitter_card":"summary_large_image","twitter_misc":{"Gesch\u00e4tzte Lesezeit":"3\u00a0Minuten"},"schema":{"@context":"https:\/\/schema.org","@graph":[{"@type":"WebSite","@id":"https:\/\/primaertherapie-kiel.de\/psychotherapie\/#website","url":"https:\/\/primaertherapie-kiel.de\/psychotherapie\/","name":"Psychotherapie Kiel","description":"Fabian Becker (HP-Psych , Dipl.Soz.P\u00e4d)","potentialAction":[{"@type":"SearchAction","target":{"@type":"EntryPoint","urlTemplate":"https:\/\/primaertherapie-kiel.de\/psychotherapie\/?s={search_term_string}"},"query-input":"required name=search_term_string"}],"inLanguage":"de"},{"@type":"WebPage","@id":"https:\/\/primaertherapie-kiel.de\/psychotherapie\/impressum\/#webpage","url":"https:\/\/primaertherapie-kiel.de\/psychotherapie\/impressum\/","name":"Impressum - Psychotherapie Kiel","isPartOf":{"@id":"https:\/\/primaertherapie-kiel.de\/psychotherapie\/#website"},"datePublished":"2020-06-19T18:50:51+00:00","dateModified":"2020-07-01T17:16:45+00:00","breadcrumb":{"@id":"https:\/\/primaertherapie-kiel.de\/psychotherapie\/impressum\/#breadcrumb"},"inLanguage":"de","potentialAction":[{"@type":"ReadAction","target":["https:\/\/primaertherapie-kiel.de\/psychotherapie\/impressum\/"]}]},{"@type":"BreadcrumbList","@id":"https:\/\/primaertherapie-kiel.de\/psychotherapie\/impressum\/#breadcrumb","itemListElement":[{"@type":"ListItem","position":1,"name":"Startseite","item":"https:\/\/primaertherapie-kiel.de\/psychotherapie\/"},{"@type":"ListItem","position":2,"name":"Impressum"}]}]}},"_links":{"self":[{"href":"https:\/\/primaertherapie-kiel.de\/psychotherapie\/wp-json\/wp\/v2\/pages\/124"}],"collection":[{"href":"https:\/\/primaertherapie-kiel.de\/psychotherapie\/wp-json\/wp\/v2\/pages"}],"about":[{"href":"https:\/\/primaertherapie-kiel.de\/psychotherapie\/wp-json\/wp\/v2\/types\/page"}],"author":[{"embeddable":true,"href":"https:\/\/primaertherapie-kiel.de\/psychotherapie\/wp-json\/wp\/v2\/users\/1"}],"replies":[{"embeddable":true,"href":"https:\/\/primaertherapie-kiel.de\/psychotherapie\/wp-json\/wp\/v2\/comments?post=124"}],"version-history":[{"count":4,"href":"https:\/\/primaertherapie-kiel.de\/psychotherapie\/wp-json\/wp\/v2\/pages\/124\/revisions"}],"predecessor-version":[{"id":179,"href":"https:\/\/primaertherapie-kiel.de\/psychotherapie\/wp-json\/wp\/v2\/pages\/124\/revisions\/179"}],"wp:attachment":[{"href":"https:\/\/primaertherapie-kiel.de\/psychotherapie\/wp-json\/wp\/v2\/media?parent=124"}],"curies":[{"name":"wp","href":"https:\/\/api.w.org\/{rel}","templated":true}]}}